{"id":7821,"date":"2025-01-10T22:10:12","date_gmt":"2025-01-10T22:10:12","guid":{"rendered":"https:\/\/angry-grothendieck.79-137-88-67.plesk.page\/?page_id=7821"},"modified":"2025-05-15T15:00:41","modified_gmt":"2025-05-15T15:00:41","slug":"contact","status":"publish","type":"page","link":"https:\/\/restaurant-lacascade.fr\/en\/contact\/","title":{"rendered":"Contact"},"content":{"rendered":"<div data-elementor-type=\"wp-page\" data-elementor-id=\"7821\" class=\"elementor elementor-7821\" data-elementor-post-type=\"page\">\n\t\t\t\t<div class=\"elementor-element elementor-element-e0f1299 e-con-full e-flex e-con e-parent\" data-id=\"e0f1299\" data-element_type=\"container\" data-settings=\"{&quot;background_background&quot;:&quot;classic&quot;}\">\n\t\t<div class=\"elementor-element elementor-element-2b92778 e-con-full e-flex e-con e-child\" data-id=\"2b92778\" data-element_type=\"container\" data-settings=\"{&quot;background_background&quot;:&quot;classic&quot;,&quot;position&quot;:&quot;absolute&quot;}\">\n\t\t\t\t<div class=\"elementor-element elementor-element-5b36343 elementor-widget elementor-widget-image\" data-id=\"5b36343\" data-element_type=\"widget\" data-widget_type=\"image.default\">\n\t\t\t\t<div class=\"elementor-widget-container\">\n\t\t\t\t\t\t\t\t\t\t\t\t\t\t\t<img fetchpriority=\"high\" decoding=\"async\" width=\"338\" height=\"227\" src=\"https:\/\/restaurant-lacascade.fr\/wp-content\/uploads\/2025\/01\/logo-slider.png\" class=\"attachment-large size-large wp-image-7433\" alt=\"\" srcset=\"https:\/\/restaurant-lacascade.fr\/wp-content\/uploads\/2025\/01\/logo-slider.png 338w, https:\/\/restaurant-lacascade.fr\/wp-content\/uploads\/2025\/01\/logo-slider-300x201.png 300w\" sizes=\"(max-width: 338px) 100vw, 338px\" \/>\t\t\t\t\t\t\t\t\t\t\t\t\t\t\t<\/div>\n\t\t\t\t<\/div>\n\t\t\t\t<\/div>\n\t\t\t\t<\/div>\n\t\t<div class=\"elementor-element elementor-element-89d4178 e-con-full e-flex e-con e-parent\" data-id=\"89d4178\" data-element_type=\"container\">\n\t\t<div class=\"elementor-element elementor-element-cc812c5 e-con-full e-flex e-con e-child\" data-id=\"cc812c5\" data-element_type=\"container\">\n\t\t<div class=\"elementor-element elementor-element-6ea8dea e-con-full e-flex e-con e-child\" data-id=\"6ea8dea\" data-element_type=\"container\">\n\t\t\t\t<div class=\"elementor-element elementor-element-ae724e9 elementor-widget elementor-widget-beurre_core_section_title\" data-id=\"ae724e9\" data-element_type=\"widget\" data-widget_type=\"beurre_core_section_title.default\">\n\t\t\t\t<div class=\"elementor-widget-container\">\n\t\t\t\t\t<div class=\"qodef-shortcode qodef-m  qodef-section-title qodef-alignment--left\">\n\t\t\t<h3 class=\"qodef-m-title\" >\n\t\t\t\t\tContact us\t\t\t<\/h3>\n\t<\/div>\n\t\t\t\t<\/div>\n\t\t\t\t<\/div>\n\t\t\t\t<div class=\"elementor-element elementor-element-0f11b19 elementor-widget elementor-widget-text-editor\" data-id=\"0f11b19\" data-element_type=\"widget\" data-widget_type=\"text-editor.default\">\n\t\t\t\t<div class=\"elementor-widget-container\">\n\t\t\t\t\t\t\t\t\t<p>We're happy to answer any questions you may have or take your reservations. Please do not hesitate to contact us by any of the means below:<\/p>\t\t\t\t\t\t\t\t<\/div>\n\t\t\t\t<\/div>\n\t\t<div class=\"elementor-element elementor-element-78ef3f8 e-con-full e-flex e-con e-child\" data-id=\"78ef3f8\" data-element_type=\"container\">\n\t\t<div class=\"elementor-element elementor-element-f3c0c3a e-con-full e-flex e-con e-child\" data-id=\"f3c0c3a\" data-element_type=\"container\">\n\t\t<div class=\"elementor-element elementor-element-914d233 e-con-full e-flex e-con e-child\" data-id=\"914d233\" data-element_type=\"container\">\n\t\t\t\t<div class=\"elementor-element elementor-element-939a9de elementor-widget__width-initial elementor-widget elementor-widget-heading\" data-id=\"939a9de\" data-element_type=\"widget\" data-widget_type=\"heading.default\">\n\t\t\t\t<div class=\"elementor-widget-container\">\n\t\t\t\t\t<h3 class=\"elementor-heading-title elementor-size-default\">Address<\/h3>\t\t\t\t<\/div>\n\t\t\t\t<\/div>\n\t\t\t\t<div class=\"elementor-element elementor-element-6caff0d elementor-widget__width-initial elementor-widget elementor-widget-heading\" data-id=\"6caff0d\" data-element_type=\"widget\" data-widget_type=\"heading.default\">\n\t\t\t\t<div class=\"elementor-widget-container\">\n\t\t\t\t\t<h4 class=\"elementor-heading-title elementor-size-default\"><a href=\"https:\/\/www.google.com\/maps\/place\/La+Cascade\/@45.421894,7.0402703,17z\/data=!3m1!4b1!4m6!3m5!1s0x478908f8796c3ed3:0x70e0442503c1d351!8m2!3d45.421894!4d7.0402703!16s%2Fg%2F11f3v_2mr1?entry=ttu&#038;g_ep=EgoyMDI1MDExNS4wIKXMDSoASAFQAw%3D%3D\" target=\"_blank\">Restaurant La Cascade\u2028<br \/> \nCol de l\u2019Iseran, D902\u2028\u2028<br \/> 73150 Val-d'Is\u00e8re, France<\/a><\/h4>\t\t\t\t<\/div>\n\t\t\t\t<\/div>\n\t\t\t\t<\/div>\n\t\t<div class=\"elementor-element elementor-element-c996b96 e-con-full e-flex e-con e-child\" data-id=\"c996b96\" data-element_type=\"container\">\n\t\t\t\t<div class=\"elementor-element elementor-element-4d0bbb6 elementor-widget__width-initial elementor-widget elementor-widget-heading\" data-id=\"4d0bbb6\" data-element_type=\"widget\" data-widget_type=\"heading.default\">\n\t\t\t\t<div class=\"elementor-widget-container\">\n\t\t\t\t\t<h3 class=\"elementor-heading-title elementor-size-default\">Contact<\/h3>\t\t\t\t<\/div>\n\t\t\t\t<\/div>\n\t\t\t\t<div class=\"elementor-element elementor-element-686235d elementor-widget__width-initial elementor-widget elementor-widget-heading\" data-id=\"686235d\" data-element_type=\"widget\" data-widget_type=\"heading.default\">\n\t\t\t\t<div class=\"elementor-widget-container\">\n\t\t\t\t\t<h4 class=\"elementor-heading-title elementor-size-default\"><a href=\"tel:0609758448\">06 09 75 84 48<\/a><\/h4>\t\t\t\t<\/div>\n\t\t\t\t<\/div>\n\t\t\t\t<div class=\"elementor-element elementor-element-e16a3fc elementor-widget__width-initial elementor-widget elementor-widget-heading\" data-id=\"e16a3fc\" data-element_type=\"widget\" data-widget_type=\"heading.default\">\n\t\t\t\t<div class=\"elementor-widget-container\">\n\t\t\t\t\t<h4 class=\"elementor-heading-title elementor-size-default\"><a href=\"tel:0458001154\">04 58 00 11 54<\/a><\/h4>\t\t\t\t<\/div>\n\t\t\t\t<\/div>\n\t\t\t\t<div class=\"elementor-element elementor-element-ccca29d elementor-widget__width-initial elementor-widget elementor-widget-heading\" data-id=\"ccca29d\" data-element_type=\"widget\" data-widget_type=\"heading.default\">\n\t\t\t\t<div class=\"elementor-widget-container\">\n\t\t\t\t\t<h4 class=\"elementor-heading-title elementor-size-default\"><a href=\"mailto:cascade.valtude@gmail.com\">cascade.valtude@gmail.com<\/a><\/h4>\t\t\t\t<\/div>\n\t\t\t\t<\/div>\n\t\t\t\t<\/div>\n\t\t<div class=\"elementor-element elementor-element-38ab6ec e-con-full e-flex e-con e-child\" data-id=\"38ab6ec\" data-element_type=\"container\">\n\t\t\t\t<div class=\"elementor-element elementor-element-1ff93fd elementor-view-default elementor-widget elementor-widget-icon\" data-id=\"1ff93fd\" data-element_type=\"widget\" data-widget_type=\"icon.default\">\n\t\t\t\t<div class=\"elementor-widget-container\">\n\t\t\t\t\t\t\t<div class=\"elementor-icon-wrapper\">\n\t\t\t<a class=\"elementor-icon\" href=\"https:\/\/www.facebook.com\/lacascade.restaurant.valdisere\/\" target=\"_blank\" rel=\"nofollow\">\n\t\t\t<svg aria-hidden=\"true\" class=\"e-font-icon-svg e-fab-facebook-f\" viewbox=\"0 0 320 512\" xmlns=\"http:\/\/www.w3.org\/2000\/svg\"><path d=\"M279.14 288l14.22-92.66h-88.91v-60.13c0-25.35 12.42-50.06 52.24-50.06h40.42V6.26S260.43 0 225.36 0c-73.22 0-121.08 44.38-121.08 124.72v70.62H22.89V288h81.39v224h100.17V288z\"><\/path><\/svg>\t\t\t<\/a>\n\t\t<\/div>\n\t\t\t\t\t\t<\/div>\n\t\t\t\t<\/div>\n\t\t\t\t<div class=\"elementor-element elementor-element-5c7588f elementor-view-default elementor-widget elementor-widget-icon\" data-id=\"5c7588f\" data-element_type=\"widget\" data-widget_type=\"icon.default\">\n\t\t\t\t<div class=\"elementor-widget-container\">\n\t\t\t\t\t\t\t<div class=\"elementor-icon-wrapper\">\n\t\t\t<a class=\"elementor-icon\" href=\"https:\/\/www.instagram.com\/lacascade_iseran\/\" target=\"_blank\" rel=\"nofollow\">\n\t\t\t<svg aria-hidden=\"true\" class=\"e-font-icon-svg e-fab-instagram\" viewbox=\"0 0 448 512\" xmlns=\"http:\/\/www.w3.org\/2000\/svg\"><path d=\"M224.1 141c-63.6 0-114.9 51.3-114.9 114.9s51.3 114.9 114.9 114.9S339 319.5 339 255.9 287.7 141 224.1 141zm0 189.6c-41.1 0-74.7-33.5-74.7-74.7s33.5-74.7 74.7-74.7 74.7 33.5 74.7 74.7-33.6 74.7-74.7 74.7zm146.4-194.3c0 14.9-12 26.8-26.8 26.8-14.9 0-26.8-12-26.8-26.8s12-26.8 26.8-26.8 26.8 12 26.8 26.8zm76.1 27.2c-1.7-35.9-9.9-67.7-36.2-93.9-26.2-26.2-58-34.4-93.9-36.2-37-2.1-147.9-2.1-184.9 0-35.8 1.7-67.6 9.9-93.9 36.1s-34.4 58-36.2 93.9c-2.1 37-2.1 147.9 0 184.9 1.7 35.9 9.9 67.7 36.2 93.9s58 34.4 93.9 36.2c37 2.1 147.9 2.1 184.9 0 35.9-1.7 67.7-9.9 93.9-36.2 26.2-26.2 34.4-58 36.2-93.9 2.1-37 2.1-147.8 0-184.8zM398.8 388c-7.8 19.6-22.9 34.7-42.6 42.6-29.5 11.7-99.5 9-132.1 9s-102.7 2.6-132.1-9c-19.6-7.8-34.7-22.9-42.6-42.6-11.7-29.5-9-99.5-9-132.1s-2.6-102.7 9-132.1c7.8-19.6 22.9-34.7 42.6-42.6 29.5-11.7 99.5-9 132.1-9s102.7-2.6 132.1 9c19.6 7.8 34.7 22.9 42.6 42.6 11.7 29.5 9 99.5 9 132.1s2.7 102.7-9 132.1z\"><\/path><\/svg>\t\t\t<\/a>\n\t\t<\/div>\n\t\t\t\t\t\t<\/div>\n\t\t\t\t<\/div>\n\t\t\t\t<div class=\"elementor-element elementor-element-dd3e4b3 elementor-view-default elementor-widget elementor-widget-icon\" data-id=\"dd3e4b3\" data-element_type=\"widget\" data-widget_type=\"icon.default\">\n\t\t\t\t<div class=\"elementor-widget-container\">\n\t\t\t\t\t\t\t<div class=\"elementor-icon-wrapper\">\n\t\t\t<a class=\"elementor-icon\" href=\"https:\/\/www.tripadvisor.fr\/Restaurant_Review-g187271-d6558158-Reviews-Restaurant_La_Cascade-Val_d_Isere_Savoie_Auvergne_Rhone_Alpes.html\" target=\"_blank\" rel=\"nofollow\">\n\t\t\t<svg aria-hidden=\"true\" class=\"e-font-icon-svg e-fab-tripadvisor\" viewbox=\"0 0 576 512\" xmlns=\"http:\/\/www.w3.org\/2000\/svg\"><path d=\"M528.91,178.82,576,127.58H471.66a326.11,326.11,0,0,0-367,0H0l47.09,51.24A143.911,143.911,0,0,0,241.86,390.73L288,440.93l46.11-50.17A143.94,143.94,0,0,0,575.88,285.18h-.03A143.56,143.56,0,0,0,528.91,178.82ZM144.06,382.57a97.39,97.39,0,1,1,97.39-97.39A97.39,97.39,0,0,1,144.06,382.57ZM288,282.37c0-64.09-46.62-119.08-108.09-142.59a281,281,0,0,1,216.17,0C334.61,163.3,288,218.29,288,282.37Zm143.88,100.2h-.01a97.405,97.405,0,1,1,.01,0ZM144.06,234.12h-.01a51.06,51.06,0,1,0,51.06,51.06v-.11A51,51,0,0,0,144.06,234.12Zm287.82,0a51.06,51.06,0,1,0,51.06,51.06A51.06,51.06,0,0,0,431.88,234.12Z\"><\/path><\/svg>\t\t\t<\/a>\n\t\t<\/div>\n\t\t\t\t\t\t<\/div>\n\t\t\t\t<\/div>\n\t\t\t\t<\/div>\n\t\t\t\t<\/div>\n\t\t<div class=\"elementor-element elementor-element-89c9709 e-con-full e-flex e-con e-child\" data-id=\"89c9709\" data-element_type=\"container\">\n\t\t<div class=\"elementor-element elementor-element-49d8ade e-con-full e-flex e-con e-child\" data-id=\"49d8ade\" data-element_type=\"container\">\n\t\t\t\t<div class=\"elementor-element elementor-element-6dd1193 elementor-widget__width-initial elementor-widget elementor-widget-heading\" data-id=\"6dd1193\" data-element_type=\"widget\" data-widget_type=\"heading.default\">\n\t\t\t\t<div class=\"elementor-widget-container\">\n\t\t\t\t\t<h3 class=\"elementor-heading-title elementor-size-default\">Opening hours<\/h3>\t\t\t\t<\/div>\n\t\t\t\t<\/div>\n\t\t\t\t<div class=\"elementor-element elementor-element-cc3c0fc elementor-widget__width-initial elementor-widget elementor-widget-text-editor\" data-id=\"cc3c0fc\" data-element_type=\"widget\" data-widget_type=\"text-editor.default\">\n\t\t\t\t<div class=\"elementor-widget-container\">\n\t\t\t\t\t\t\t\t\t<p>Du lundi au vendredi de 8H30 \u00e0 16h00<br \/>Samedi et dimanche de 8H30 \u00e0 16H00<br \/>Summer period : 06\/14 to 09\/14<\/p>\t\t\t\t\t\t\t\t<\/div>\n\t\t\t\t<\/div>\n\t\t\t\t<\/div>\n\t\t<div class=\"elementor-element elementor-element-12eb401 e-con-full e-flex e-con e-child\" data-id=\"12eb401\" data-element_type=\"container\">\n\t\t\t\t<div class=\"elementor-element elementor-element-4372cde elementor-widget__width-initial elementor-widget elementor-widget-heading\" data-id=\"4372cde\" data-element_type=\"widget\" data-widget_type=\"heading.default\">\n\t\t\t\t<div class=\"elementor-widget-container\">\n\t\t\t\t\t<h3 class=\"elementor-heading-title elementor-size-default\">Useful information<\/h3>\t\t\t\t<\/div>\n\t\t\t\t<\/div>\n\t\t\t\t<div class=\"elementor-element elementor-element-9d95059 elementor-widget elementor-widget-spacer\" data-id=\"9d95059\" data-element_type=\"widget\" data-widget_type=\"spacer.default\">\n\t\t\t\t<div class=\"elementor-widget-container\">\n\t\t\t\t\t\t\t<div class=\"elementor-spacer\">\n\t\t\t<div class=\"elementor-spacer-inner\"><\/div>\n\t\t<\/div>\n\t\t\t\t\t\t<\/div>\n\t\t\t\t<\/div>\n\t\t<div class=\"elementor-element elementor-element-d978a06 e-con-full e-flex e-con e-child\" data-id=\"d978a06\" data-element_type=\"container\">\n\t\t<div class=\"elementor-element elementor-element-27b2b29 e-con-full e-flex e-con e-child\" data-id=\"27b2b29\" data-element_type=\"container\">\n\t\t\t\t<div class=\"elementor-element elementor-element-627e6f7 elementor-widget__width-initial elementor-widget elementor-widget-heading\" data-id=\"627e6f7\" data-element_type=\"widget\" data-widget_type=\"heading.default\">\n\t\t\t\t<div class=\"elementor-widget-container\">\n\t\t\t\t\t<h4 class=\"elementor-heading-title elementor-size-default\"><a href=\"https:\/\/www.valdisere.com\/live\/plan-des-pistes\/\" target=\"_blank\" rel=\"nofollow\">Trail map<\/a><\/h4>\t\t\t\t<\/div>\n\t\t\t\t<\/div>\n\t\t\t\t<div class=\"elementor-element elementor-element-b375faa elementor-widget__width-initial elementor-widget elementor-widget-heading\" data-id=\"b375faa\" data-element_type=\"widget\" data-widget_type=\"heading.default\">\n\t\t\t\t<div class=\"elementor-widget-container\">\n\t\t\t\t\t<h4 class=\"elementor-heading-title elementor-size-default\"><a href=\"https:\/\/www.valdisere.com\/live\/webcams\/\" target=\"_blank\" rel=\"nofollow\">Webcams<\/a><\/h4>\t\t\t\t<\/div>\n\t\t\t\t<\/div>\n\t\t\t\t<div class=\"elementor-element elementor-element-c6511fb elementor-widget__width-initial elementor-widget elementor-widget-heading\" data-id=\"c6511fb\" data-element_type=\"widget\" data-widget_type=\"heading.default\">\n\t\t\t\t<div class=\"elementor-widget-container\">\n\t\t\t\t\t<h4 class=\"elementor-heading-title elementor-size-default\"><a href=\"https:\/\/www.valdisere.com\/live\/meteo-a-val-disere\/\" target=\"_blank\" rel=\"nofollow\">Weather<\/a><\/h4>\t\t\t\t<\/div>\n\t\t\t\t<\/div>\n\t\t\t\t<\/div>\n\t\t<div class=\"elementor-element elementor-element-dd5b5c8 e-con-full e-flex e-con e-child\" data-id=\"dd5b5c8\" data-element_type=\"container\">\n\t\t\t\t<div class=\"elementor-element elementor-element-d54d314 elementor-widget__width-initial elementor-widget elementor-widget-heading\" data-id=\"d54d314\" data-element_type=\"widget\" data-widget_type=\"heading.default\">\n\t\t\t\t<div class=\"elementor-widget-container\">\n\t\t\t\t\t<h4 class=\"elementor-heading-title elementor-size-default\"><a href=\"https:\/\/www.valdisere.com\/live\/enneigement\/\" target=\"_blank\" rel=\"nofollow\">Snowmaking<\/a><\/h4>\t\t\t\t<\/div>\n\t\t\t\t<\/div>\n\t\t\t\t<div class=\"elementor-element elementor-element-2e4d1e7 elementor-widget__width-initial elementor-widget elementor-widget-heading\" data-id=\"2e4d1e7\" data-element_type=\"widget\" data-widget_type=\"heading.default\">\n\t\t\t\t<div class=\"elementor-widget-container\">\n\t\t\t\t\t<h4 class=\"elementor-heading-title elementor-size-default\"><a href=\"https:\/\/www.valdisere.com\/live\/etat-des-routes\/\" target=\"_blank\" rel=\"nofollow\">Road conditions<\/a><\/h4>\t\t\t\t<\/div>\n\t\t\t\t<\/div>\n\t\t\t\t<div class=\"elementor-element elementor-element-b167d4d elementor-widget__width-initial elementor-widget elementor-widget-heading\" data-id=\"b167d4d\" data-element_type=\"widget\" data-widget_type=\"heading.default\">\n\t\t\t\t<div class=\"elementor-widget-container\">\n\t\t\t\t\t<h4 class=\"elementor-heading-title elementor-size-default\"><a href=\"https:\/\/www.valdisere.com\/live\/enneigement\/\" target=\"_blank\" rel=\"nofollow\">Runway status<\/a><\/h4>\t\t\t\t<\/div>\n\t\t\t\t<\/div>\n\t\t\t\t<\/div>\n\t\t\t\t<\/div>\n\t\t\t\t<\/div>\n\t\t\t\t<\/div>\n\t\t\t\t<\/div>\n\t\t\t\t<\/div>\n\t\t<div class=\"elementor-element elementor-element-6b81439 e-con-full e-flex e-con e-child\" data-id=\"6b81439\" data-element_type=\"container\">\n\t\t\t\t<div class=\"elementor-element elementor-element-ab1f3e2 elementor-widget__width-initial elementor-widget elementor-widget-google_maps\" data-id=\"ab1f3e2\" data-element_type=\"widget\" data-widget_type=\"google_maps.default\">\n\t\t\t\t<div class=\"elementor-widget-container\">\n\t\t\t\t\t\t\t<div class=\"elementor-custom-embed\">\n\t\t\t<iframe loading=\"lazy\"\n\t\t\t\t\tsrc=\"https:\/\/maps.google.com\/maps?q=Col%20de%20l%E2%80%99Iseran%2C%20D902%E2%80%A873150%20Val-d%27Is%C3%A8re&#038;t=m&#038;z=14&#038;output=embed&#038;iwloc=near\"\n\t\t\t\t\ttitle=\"Col de l\u2019Iseran, D902\u202873150 Val-d&#039;Is\u00e8re\"\n\t\t\t\t\taria-label=\"Col de l\u2019Iseran, D902\u202873150 Val-d&#039;Is\u00e8re\"\n\t\t\t><\/iframe>\n\t\t<\/div>\n\t\t\t\t\t\t<\/div>\n\t\t\t\t<\/div>\n\t\t\t\t<\/div>\n\t\t\t\t<\/div>\n\t\t\t\t<\/div>\n\t\t<div class=\"elementor-element elementor-element-b0a433b e-con-full e-flex e-con e-parent\" data-id=\"b0a433b\" data-element_type=\"container\" data-settings=\"{&quot;background_background&quot;:&quot;classic&quot;}\">\n\t\t\t\t<div class=\"elementor-element elementor-element-84fb26e elementor-widget elementor-widget-image\" data-id=\"84fb26e\" data-element_type=\"widget\" data-widget_type=\"image.default\">\n\t\t\t\t<div class=\"elementor-widget-container\">\n\t\t\t\t\t\t\t\t\t\t\t\t\t\t\t\t<a href=\"https:\/\/podiumcommunication.fr\/\" target=\"_blank\" rel=\"nofollow\">\n\t\t\t\t\t\t\t<img decoding=\"async\" width=\"22\" height=\"36\" src=\"https:\/\/restaurant-lacascade.fr\/wp-content\/uploads\/2025\/01\/logo-podium.png\" class=\"attachment-large size-large wp-image-7637\" alt=\"\" \/>\t\t\t\t\t\t\t\t<\/a>\n\t\t\t\t\t\t\t\t\t\t\t\t\t\t\t<\/div>\n\t\t\t\t<\/div>\n\t\t\t\t<div class=\"elementor-element elementor-element-ba997f1 elementor-widget-mobile__width-initial elementor-widget elementor-widget-text-editor\" data-id=\"ba997f1\" data-element_type=\"widget\" data-widget_type=\"text-editor.default\">\n\t\t\t\t<div class=\"elementor-widget-container\">\n\t\t\t\t\t\t\t\t\t<p>\u00a9 2024 &#8211; Podium | Communication &#8211; Tous droits r\u00e9serv\u00e9s &#8211;<span style=\"text-decoration: underline; color: #ffffff;\"> <a style=\"color: #ffffff; text-decoration: underline;\" href=\"#\">Terms of use<\/a><\/span><\/p>\t\t\t\t\t\t\t\t<\/div>\n\t\t\t\t<\/div>\n\t\t\t\t<\/div>\n\t\t\t\t<\/div>","protected":false},"excerpt":{"rendered":"<p>Contactez-Nous Nous sommes ravis de r\u00e9pondre \u00e0 toutes vos questions ou de prendre en compte vos r\u00e9servations. N&rsquo;h\u00e9sitez pas \u00e0 nous contacter par l&rsquo;un des moyens ci-dessous : Adresse Restaurant La Cascade\u2028 Col de l\u2019Iseran, D902\u2028\u2028 73150 Val-d&rsquo;Is\u00e8re, France Contact 06 09 75 84 48 04 58 00 11 54 cascade.valtude@gmail.com horaires Du lundi au [&hellip;]<\/p>","protected":false},"author":2,"featured_media":0,"parent":0,"menu_order":0,"comment_status":"closed","ping_status":"closed","template":"","meta":{"_acf_changed":false,"footnotes":""},"class_list":["post-7821","page","type-page","status-publish","hentry"],"acf":[],"yoast_head":"<!-- This site is optimized with the Yoast SEO plugin v26.0 - https:\/\/yoast.com\/wordpress\/plugins\/seo\/ -->\n<title>Contactez La Cascade \u2013 Restaurant \u00e0 Val d&#039;Is\u00e8re<\/title>\n<meta name=\"description\" content=\"R\u00e9servez votre table ou posez vos questions. Contactez-nous par t\u00e9l\u00e9phone, email ou via notre formulaire en ligne.\" \/>\n<meta name=\"robots\" content=\"index, follow, max-snippet:-1, max-image-preview:large, max-video-preview:-1\" \/>\n<link rel=\"canonical\" href=\"https:\/\/restaurant-lacascade.fr\/en\/contact\/\" \/>\n<meta property=\"og:locale\" content=\"en_GB\" \/>\n<meta property=\"og:type\" content=\"article\" \/>\n<meta property=\"og:title\" content=\"Contactez La Cascade \u2013 Restaurant \u00e0 Val d&#039;Is\u00e8re\" \/>\n<meta property=\"og:description\" content=\"R\u00e9servez votre table ou posez vos questions. Contactez-nous par t\u00e9l\u00e9phone, email ou via notre formulaire en ligne.\" \/>\n<meta property=\"og:url\" content=\"https:\/\/restaurant-lacascade.fr\/en\/contact\/\" \/>\n<meta property=\"og:site_name\" content=\"La Cascade\" \/>\n<meta property=\"article:modified_time\" content=\"2025-05-15T15:00:41+00:00\" \/>\n<meta property=\"og:image\" content=\"https:\/\/restaurant-lacascade.fr\/wp-content\/uploads\/2025\/01\/logo-slider.png\" \/>\n<meta name=\"twitter:card\" content=\"summary_large_image\" \/>\n<meta name=\"twitter:label1\" content=\"Estimated reading time\" \/>\n\t<meta name=\"twitter:data1\" content=\"2 minutes\" \/>\n<script type=\"application\/ld+json\" class=\"yoast-schema-graph\">{\"@context\":\"https:\/\/schema.org\",\"@graph\":[{\"@type\":\"WebPage\",\"@id\":\"https:\/\/restaurant-lacascade.fr\/contact\/\",\"url\":\"https:\/\/restaurant-lacascade.fr\/contact\/\",\"name\":\"Contactez La Cascade \u2013 Restaurant \u00e0 Val d'Is\u00e8re\",\"isPartOf\":{\"@id\":\"https:\/\/restaurant-lacascade.fr\/#website\"},\"primaryImageOfPage\":{\"@id\":\"https:\/\/restaurant-lacascade.fr\/contact\/#primaryimage\"},\"image\":{\"@id\":\"https:\/\/restaurant-lacascade.fr\/contact\/#primaryimage\"},\"thumbnailUrl\":\"https:\/\/restaurant-lacascade.fr\/wp-content\/uploads\/2025\/01\/logo-slider.png\",\"datePublished\":\"2025-01-10T22:10:12+00:00\",\"dateModified\":\"2025-05-15T15:00:41+00:00\",\"description\":\"R\u00e9servez votre table ou posez vos questions. Contactez-nous par t\u00e9l\u00e9phone, email ou via notre formulaire en ligne.\",\"breadcrumb\":{\"@id\":\"https:\/\/restaurant-lacascade.fr\/contact\/#breadcrumb\"},\"inLanguage\":\"en-GB\",\"potentialAction\":[{\"@type\":\"ReadAction\",\"target\":[\"https:\/\/restaurant-lacascade.fr\/contact\/\"]}]},{\"@type\":\"ImageObject\",\"inLanguage\":\"en-GB\",\"@id\":\"https:\/\/restaurant-lacascade.fr\/contact\/#primaryimage\",\"url\":\"https:\/\/restaurant-lacascade.fr\/wp-content\/uploads\/2025\/01\/logo-slider.png\",\"contentUrl\":\"https:\/\/restaurant-lacascade.fr\/wp-content\/uploads\/2025\/01\/logo-slider.png\"},{\"@type\":\"BreadcrumbList\",\"@id\":\"https:\/\/restaurant-lacascade.fr\/contact\/#breadcrumb\",\"itemListElement\":[{\"@type\":\"ListItem\",\"position\":1,\"name\":\"Accueil\",\"item\":\"https:\/\/restaurant-lacascade.fr\/\"},{\"@type\":\"ListItem\",\"position\":2,\"name\":\"Contact\"}]},{\"@type\":\"WebSite\",\"@id\":\"https:\/\/restaurant-lacascade.fr\/#website\",\"url\":\"https:\/\/restaurant-lacascade.fr\/\",\"name\":\"La Cascade\",\"description\":\"\",\"potentialAction\":[{\"@type\":\"SearchAction\",\"target\":{\"@type\":\"EntryPoint\",\"urlTemplate\":\"https:\/\/restaurant-lacascade.fr\/?s={search_term_string}\"},\"query-input\":{\"@type\":\"PropertyValueSpecification\",\"valueRequired\":true,\"valueName\":\"search_term_string\"}}],\"inLanguage\":\"en-GB\"}]}<\/script>\n<!-- \/ Yoast SEO plugin. -->","yoast_head_json":{"title":"Contactez La Cascade \u2013 Restaurant \u00e0 Val d'Is\u00e8re","description":"R\u00e9servez votre table ou posez vos questions. Contactez-nous par t\u00e9l\u00e9phone, email ou via notre formulaire en ligne.","robots":{"index":"index","follow":"follow","max-snippet":"max-snippet:-1","max-image-preview":"max-image-preview:large","max-video-preview":"max-video-preview:-1"},"canonical":"https:\/\/restaurant-lacascade.fr\/en\/contact\/","og_locale":"en_GB","og_type":"article","og_title":"Contactez La Cascade \u2013 Restaurant \u00e0 Val d'Is\u00e8re","og_description":"R\u00e9servez votre table ou posez vos questions. Contactez-nous par t\u00e9l\u00e9phone, email ou via notre formulaire en ligne.","og_url":"https:\/\/restaurant-lacascade.fr\/en\/contact\/","og_site_name":"La Cascade","article_modified_time":"2025-05-15T15:00:41+00:00","og_image":[{"url":"https:\/\/restaurant-lacascade.fr\/wp-content\/uploads\/2025\/01\/logo-slider.png","type":"","width":"","height":""}],"twitter_card":"summary_large_image","twitter_misc":{"Estimated reading time":"2 minutes"},"schema":{"@context":"https:\/\/schema.org","@graph":[{"@type":"WebPage","@id":"https:\/\/restaurant-lacascade.fr\/contact\/","url":"https:\/\/restaurant-lacascade.fr\/contact\/","name":"Contactez La Cascade \u2013 Restaurant \u00e0 Val d'Is\u00e8re","isPartOf":{"@id":"https:\/\/restaurant-lacascade.fr\/#website"},"primaryImageOfPage":{"@id":"https:\/\/restaurant-lacascade.fr\/contact\/#primaryimage"},"image":{"@id":"https:\/\/restaurant-lacascade.fr\/contact\/#primaryimage"},"thumbnailUrl":"https:\/\/restaurant-lacascade.fr\/wp-content\/uploads\/2025\/01\/logo-slider.png","datePublished":"2025-01-10T22:10:12+00:00","dateModified":"2025-05-15T15:00:41+00:00","description":"R\u00e9servez votre table ou posez vos questions. Contactez-nous par t\u00e9l\u00e9phone, email ou via notre formulaire en ligne.","breadcrumb":{"@id":"https:\/\/restaurant-lacascade.fr\/contact\/#breadcrumb"},"inLanguage":"en-GB","potentialAction":[{"@type":"ReadAction","target":["https:\/\/restaurant-lacascade.fr\/contact\/"]}]},{"@type":"ImageObject","inLanguage":"en-GB","@id":"https:\/\/restaurant-lacascade.fr\/contact\/#primaryimage","url":"https:\/\/restaurant-lacascade.fr\/wp-content\/uploads\/2025\/01\/logo-slider.png","contentUrl":"https:\/\/restaurant-lacascade.fr\/wp-content\/uploads\/2025\/01\/logo-slider.png"},{"@type":"BreadcrumbList","@id":"https:\/\/restaurant-lacascade.fr\/contact\/#breadcrumb","itemListElement":[{"@type":"ListItem","position":1,"name":"Accueil","item":"https:\/\/restaurant-lacascade.fr\/"},{"@type":"ListItem","position":2,"name":"Contact"}]},{"@type":"WebSite","@id":"https:\/\/restaurant-lacascade.fr\/#website","url":"https:\/\/restaurant-lacascade.fr\/","name":"La Cascade","description":"","potentialAction":[{"@type":"SearchAction","target":{"@type":"EntryPoint","urlTemplate":"https:\/\/restaurant-lacascade.fr\/?s={search_term_string}"},"query-input":{"@type":"PropertyValueSpecification","valueRequired":true,"valueName":"search_term_string"}}],"inLanguage":"en-GB"}]}},"_links":{"self":[{"href":"https:\/\/restaurant-lacascade.fr\/en\/wp-json\/wp\/v2\/pages\/7821","targetHints":{"allow":["GET"]}}],"collection":[{"href":"https:\/\/restaurant-lacascade.fr\/en\/wp-json\/wp\/v2\/pages"}],"about":[{"href":"https:\/\/restaurant-lacascade.fr\/en\/wp-json\/wp\/v2\/types\/page"}],"author":[{"embeddable":true,"href":"https:\/\/restaurant-lacascade.fr\/en\/wp-json\/wp\/v2\/users\/2"}],"replies":[{"embeddable":true,"href":"https:\/\/restaurant-lacascade.fr\/en\/wp-json\/wp\/v2\/comments?post=7821"}],"version-history":[{"count":78,"href":"https:\/\/restaurant-lacascade.fr\/en\/wp-json\/wp\/v2\/pages\/7821\/revisions"}],"predecessor-version":[{"id":8415,"href":"https:\/\/restaurant-lacascade.fr\/en\/wp-json\/wp\/v2\/pages\/7821\/revisions\/8415"}],"wp:attachment":[{"href":"https:\/\/restaurant-lacascade.fr\/en\/wp-json\/wp\/v2\/media?parent=7821"}],"curies":[{"name":"wp","href":"https:\/\/api.w.org\/{rel}","templated":true}]}}